{"id":27,"date":"2022-11-18T11:57:32","date_gmt":"2022-11-18T10:57:32","guid":{"rendered":"https:\/\/adgeneral.hu\/?page_id=27"},"modified":"2024-01-02T08:37:33","modified_gmt":"2024-01-02T07:37:33","slug":"our-prices","status":"publish","type":"page","link":"https:\/\/adgeneral.hu\/en\/our-prices\/","title":{"rendered":"Our Prices","raw":"Our Prices"},"content":{"rendered":"\n<p>In order to determine the most accurate and favorable service fee, we prepare a unique price offer for our customers in each case.<br>Depending on the knowledge of the requested services and the transactions in question, which will be discussed in the framework of a preliminary meeting.<\/p>\n\n\n\n<p>Our general price list will be sent upon request.<br>Please feel free to contact us!<\/p>\n","protected":false,"raw":"<!-- wp:paragraph -->\n<p>In order to determine the most accurate and favorable service fee, we prepare a unique price offer for our customers in each case.<br>Depending on the knowledge of the requested services and the transactions in question, which will be discussed in the framework of a preliminary meeting.<\/p>\n<!-- \/wp:paragraph -->\n\n<!-- wp:paragraph -->\n<p>Our general price list will be sent upon request.<br>Please feel free to contact us!<\/p>\n<!-- \/wp:paragraph -->"},"excerpt":{"rendered":"","protected":false,"raw":""},"author":1,"featured_media":0,"parent":0,"menu_order":0,"comment_status":"closed","ping_status":"closed","template":"","meta":{"inline_featured_image":false,"_hu_post_content":"<!-- wp:paragraph -->\n<p>A min\u00e9l pontosabb \u00e9s kedvez\u0151bb szolg\u00e1ltat\u00e1si d\u00edj meg\u00e1llap\u00edt\u00e1sa \u00e9rdek\u00e9ben minden esetben egyedi \u00e1raj\u00e1nlatot k\u00e9sz\u00edt\u00fcnk az \u00fcgyfeleink \u00e1ltal ig\u00e9nybe venni k\u00edv\u00e1nt szolg\u00e1ltat\u00e1sok \u00e9s a sz\u00f3ban forg\u00f3 \u00fcgyletek ismeret\u00e9nek f\u00fcggv\u00e9ny\u00e9ben, melyeket egy el\u0151zetes megbesz\u00e9l\u00e9s keret\u00e9ben t\u00e1rgyalunk \u00e1t.<\/p>\n<!-- \/wp:paragraph -->\n\n<!-- wp:paragraph -->\n<p>\u00c1ltal\u00e1nos \u00e1rlist\u00e1nkat k\u00e9r\u00e9sre elk\u00fcldj\u00fck.<\/p>\n<!-- \/wp:paragraph -->\n\n<!-- wp:paragraph -->\n<p>K\u00e9rj\u00fck, keressenek minket bizalommal!<\/p>\n<!-- \/wp:paragraph -->","_hu_post_name":"araink","_hu_post_excerpt":"","_hu_post_title":"\u00c1raink","_en_post_content":"<!-- wp:paragraph -->\n<p>In order to determine the most accurate and favorable service fee, we prepare a unique price offer for our customers in each case.<br>Depending on the knowledge of the requested services and the transactions in question, which will be discussed in the framework of a preliminary meeting.<\/p>\n<!-- \/wp:paragraph -->\n\n<!-- wp:paragraph -->\n<p>Our general price list will be sent upon request.<br>Please feel free to contact us!<\/p>\n<!-- \/wp:paragraph -->","_en_post_name":"our-prices","_en_post_excerpt":"","_en_post_title":"Our Prices","edit_language":"en","footnotes":""},"class_list":["post-27","page","type-page","status-publish","hentry"],"yoast_head":"<!-- This site is optimized with the Yoast SEO plugin v19.10 - https:\/\/yoast.com\/wordpress\/plugins\/seo\/ -->\n<title>\u00c1raink - AD General<\/title>\n<meta name=\"robots\" content=\"index, follow, max-snippet:-1, max-image-preview:large, max-video-preview:-1\" \/>\n<link rel=\"canonical\" href=\"https:\/\/adgeneral.hu\/araink\/\" \/>\n<meta property=\"og:locale\" content=\"en_US\" \/>\n<meta property=\"og:type\" content=\"article\" \/>\n<meta property=\"og:title\" content=\"\u00c1raink - AD General\" \/>\n<meta property=\"og:description\" content=\"A min\u00e9l pontosabb \u00e9s kedvez\u0151bb szolg\u00e1ltat\u00e1si d\u00edj meg\u00e1llap\u00edt\u00e1sa \u00e9rdek\u00e9ben minden esetben egyedi \u00e1raj\u00e1nlatot k\u00e9sz\u00edt\u00fcnk az \u00fcgyfeleink \u00e1ltal ig\u00e9nybe venni k\u00edv\u00e1nt szolg\u00e1ltat\u00e1sok \u00e9s a sz\u00f3ban forg\u00f3 \u00fcgyletek ismeret\u00e9nek f\u00fcggv\u00e9ny\u00e9ben, melyeket egy el\u0151zetes megbesz\u00e9l\u00e9s keret\u00e9ben t\u00e1rgyalunk \u00e1t. \u00c1ltal\u00e1nos \u00e1rlist\u00e1nkat k\u00e9r\u00e9sre elk\u00fcldj\u00fck. K\u00e9rj\u00fck, keressenek minket bizalommal!\" \/>\n<meta property=\"og:url\" content=\"https:\/\/adgeneral.hu\/araink\/\" \/>\n<meta property=\"og:site_name\" content=\"AD General\" \/>\n<meta property=\"article:modified_time\" content=\"2024-01-02T07:37:33+00:00\" \/>\n<meta name=\"twitter:card\" content=\"summary_large_image\" \/>\n<meta name=\"twitter:label1\" content=\"Est. reading time\" \/>\n\t<meta name=\"twitter:data1\" content=\"1 minute\" \/>\n<script type=\"application\/ld+json\" class=\"yoast-schema-graph\">{\"@context\":\"https:\/\/schema.org\",\"@graph\":[{\"@type\":\"WebPage\",\"@id\":\"https:\/\/adgeneral.hu\/araink\/\",\"url\":\"https:\/\/adgeneral.hu\/araink\/\",\"name\":\"\u00c1raink - AD General\",\"isPartOf\":{\"@id\":\"https:\/\/adgeneral.hu\/#website\"},\"datePublished\":\"2022-11-18T10:57:32+00:00\",\"dateModified\":\"2024-01-02T07:37:33+00:00\",\"breadcrumb\":{\"@id\":\"https:\/\/adgeneral.hu\/araink\/#breadcrumb\"},\"inLanguage\":\"english\",\"potentialAction\":[{\"@type\":\"ReadAction\",\"target\":[\"https:\/\/adgeneral.hu\/araink\/\"]}]},{\"@type\":\"BreadcrumbList\",\"@id\":\"https:\/\/adgeneral.hu\/araink\/#breadcrumb\",\"itemListElement\":[{\"@type\":\"ListItem\",\"position\":1,\"name\":\"Kezd\u0151lap\",\"item\":\"https:\/\/adgeneral.hu\/\"},{\"@type\":\"ListItem\",\"position\":2,\"name\":\"\u00c1raink\"}]},{\"@type\":\"WebSite\",\"@id\":\"https:\/\/adgeneral.hu\/#website\",\"url\":\"https:\/\/adgeneral.hu\/\",\"name\":\"AD General\",\"description\":\"\",\"publisher\":{\"@id\":\"https:\/\/adgeneral.hu\/#organization\"},\"potentialAction\":[{\"@type\":\"SearchAction\",\"target\":{\"@type\":\"EntryPoint\",\"urlTemplate\":\"https:\/\/adgeneral.hu\/?s={search_term_string}\"},\"query-input\":\"required name=search_term_string\"}],\"inLanguage\":\"english\"},{\"@type\":\"Organization\",\"@id\":\"https:\/\/adgeneral.hu\/#organization\",\"name\":\"AD General\",\"url\":\"https:\/\/adgeneral.hu\/\",\"logo\":{\"@type\":\"ImageObject\",\"inLanguage\":\"english\",\"@id\":\"https:\/\/adgeneral.hu\/#\/schema\/logo\/image\/\",\"url\":\"https:\/\/adgeneral.hu\/wp-content\/uploads\/2022\/11\/adgeneral.svg\",\"contentUrl\":\"https:\/\/adgeneral.hu\/wp-content\/uploads\/2022\/11\/adgeneral.svg\",\"width\":600,\"height\":200,\"caption\":\"AD General\"},\"image\":{\"@id\":\"https:\/\/adgeneral.hu\/#\/schema\/logo\/image\/\"}}]}<\/script>\n<!-- \/ Yoast SEO plugin. -->","yoast_head_json":{"title":"\u00c1raink - AD General","robots":{"index":"index","follow":"follow","max-snippet":"max-snippet:-1","max-image-preview":"max-image-preview:large","max-video-preview":"max-video-preview:-1"},"canonical":"https:\/\/adgeneral.hu\/araink\/","og_locale":"en_US","og_type":"article","og_title":"\u00c1raink - AD General","og_description":"A min\u00e9l pontosabb \u00e9s kedvez\u0151bb szolg\u00e1ltat\u00e1si d\u00edj meg\u00e1llap\u00edt\u00e1sa \u00e9rdek\u00e9ben minden esetben egyedi \u00e1raj\u00e1nlatot k\u00e9sz\u00edt\u00fcnk az \u00fcgyfeleink \u00e1ltal ig\u00e9nybe venni k\u00edv\u00e1nt szolg\u00e1ltat\u00e1sok \u00e9s a sz\u00f3ban forg\u00f3 \u00fcgyletek ismeret\u00e9nek f\u00fcggv\u00e9ny\u00e9ben, melyeket egy el\u0151zetes megbesz\u00e9l\u00e9s keret\u00e9ben t\u00e1rgyalunk \u00e1t. \u00c1ltal\u00e1nos \u00e1rlist\u00e1nkat k\u00e9r\u00e9sre elk\u00fcldj\u00fck. K\u00e9rj\u00fck, keressenek minket bizalommal!","og_url":"https:\/\/adgeneral.hu\/araink\/","og_site_name":"AD General","article_modified_time":"2024-01-02T07:37:33+00:00","twitter_card":"summary_large_image","twitter_misc":{"Est. reading time":"1 minute"},"schema":{"@context":"https:\/\/schema.org","@graph":[{"@type":"WebPage","@id":"https:\/\/adgeneral.hu\/araink\/","url":"https:\/\/adgeneral.hu\/araink\/","name":"\u00c1raink - AD General","isPartOf":{"@id":"https:\/\/adgeneral.hu\/#website"},"datePublished":"2022-11-18T10:57:32+00:00","dateModified":"2024-01-02T07:37:33+00:00","breadcrumb":{"@id":"https:\/\/adgeneral.hu\/araink\/#breadcrumb"},"inLanguage":"english","potentialAction":[{"@type":"ReadAction","target":["https:\/\/adgeneral.hu\/araink\/"]}]},{"@type":"BreadcrumbList","@id":"https:\/\/adgeneral.hu\/araink\/#breadcrumb","itemListElement":[{"@type":"ListItem","position":1,"name":"Kezd\u0151lap","item":"https:\/\/adgeneral.hu\/"},{"@type":"ListItem","position":2,"name":"\u00c1raink"}]},{"@type":"WebSite","@id":"https:\/\/adgeneral.hu\/#website","url":"https:\/\/adgeneral.hu\/","name":"AD General","description":"","publisher":{"@id":"https:\/\/adgeneral.hu\/#organization"},"potentialAction":[{"@type":"SearchAction","target":{"@type":"EntryPoint","urlTemplate":"https:\/\/adgeneral.hu\/?s={search_term_string}"},"query-input":"required name=search_term_string"}],"inLanguage":"english"},{"@type":"Organization","@id":"https:\/\/adgeneral.hu\/#organization","name":"AD General","url":"https:\/\/adgeneral.hu\/","logo":{"@type":"ImageObject","inLanguage":"english","@id":"https:\/\/adgeneral.hu\/#\/schema\/logo\/image\/","url":"https:\/\/adgeneral.hu\/wp-content\/uploads\/2022\/11\/adgeneral.svg","contentUrl":"https:\/\/adgeneral.hu\/wp-content\/uploads\/2022\/11\/adgeneral.svg","width":600,"height":200,"caption":"AD General"},"image":{"@id":"https:\/\/adgeneral.hu\/#\/schema\/logo\/image\/"}}]}},"_links":{"self":[{"href":"https:\/\/adgeneral.hu\/en\/wp-json\/wp\/v2\/pages\/27","targetHints":{"allow":["GET"]}}],"collection":[{"href":"https:\/\/adgeneral.hu\/en\/wp-json\/wp\/v2\/pages"}],"about":[{"href":"https:\/\/adgeneral.hu\/en\/wp-json\/wp\/v2\/types\/page"}],"author":[{"embeddable":true,"href":"https:\/\/adgeneral.hu\/en\/wp-json\/wp\/v2\/users\/1"}],"replies":[{"embeddable":true,"href":"https:\/\/adgeneral.hu\/en\/wp-json\/wp\/v2\/comments?post=27"}],"version-history":[{"count":2,"href":"https:\/\/adgeneral.hu\/en\/wp-json\/wp\/v2\/pages\/27\/revisions"}],"predecessor-version":[{"id":76,"href":"https:\/\/adgeneral.hu\/en\/wp-json\/wp\/v2\/pages\/27\/revisions\/76"}],"wp:attachment":[{"href":"https:\/\/adgeneral.hu\/en\/wp-json\/wp\/v2\/media?parent=27"}],"curies":[{"name":"wp","href":"https:\/\/api.w.org\/{rel}","templated":true}]}}