{"id":25,"date":"2022-11-18T11:56:12","date_gmt":"2022-11-18T10:56:12","guid":{"rendered":"https:\/\/adgeneral.hu\/?page_id=25"},"modified":"2024-01-02T08:37:01","modified_gmt":"2024-01-02T07:37:01","slug":"services","status":"publish","type":"page","link":"https:\/\/adgeneral.hu\/en\/services\/","title":{"rendered":"Services","raw":"Services"},"content":{"rendered":"\n<ul class=\"wp-block-list\">\n<li>Receiving goods as an authorised consignee<\/li>\n\n\n\n<li>Managing all electronic import and export customs processes as a direct representative (AIS\/AES\u2014Automated Import and Export System)<\/li>\n\n\n\n<li>Administering customs licences (new and existing)<\/li>\n\n\n\n<li>Applying for EORI (Economic Operators Registration and Identification) and VPID (economic operators Hungarian national identification number) numbers<\/li>\n\n\n\n<li>Subsequent customs procedures (duties refunds, amending customs declarations)<\/li>\n\n\n\n<li>Participating and offering representation in government audits<\/li>\n\n\n\n<li>Providing guidance on correct tariff classification numbers and applying for Binding Tariff Information (BTI) decisions<\/li>\n\n\n\n<li>Professional consulting<\/li>\n\n\n\n<li>Administering the Environment Protection Product Fee<\/li>\n\n\n\n<li>Preparing and submitting of Intrastat reports (statistical reporting on the movement of goods within the European Union)<\/li>\n<\/ul>\n\n\n\n<p>Read more about additional services we offer through our sister company&nbsp;<a href=\"http:\\\\www.adintrade.hu\">AD Intrade Kft. &#8211; customs and foreign trade services<\/a><\/p>\n\n\n\n<p>Our sister company, AD Customs Kft., offers the unique service of indirect customs representation, including the responsibility for obligations of paying import Value Added Tax (VAT).&nbsp;<a href=\"http:\\\\www.adcustoms.hu\">More details: AD Customs Kft &#8211; indirect customs representation services<\/a><\/p>\n","protected":false,"raw":"<!-- wp:list -->\n<ul><!-- wp:list-item -->\n<li>Receiving goods as an authorised consignee<\/li>\n<!-- \/wp:list-item -->\n\n<!-- wp:list-item -->\n<li>Managing all electronic import and export customs processes as a direct representative (AIS\/AES\u2014Automated Import and Export System)<\/li>\n<!-- \/wp:list-item -->\n\n<!-- wp:list-item -->\n<li>Administering customs licences (new and existing)<\/li>\n<!-- \/wp:list-item -->\n\n<!-- wp:list-item -->\n<li>Applying for EORI (Economic Operators Registration and Identification) and VPID (economic operators Hungarian national identification number) numbers<\/li>\n<!-- \/wp:list-item -->\n\n<!-- wp:list-item -->\n<li>Subsequent customs procedures (duties refunds, amending customs declarations)<\/li>\n<!-- \/wp:list-item -->\n\n<!-- wp:list-item -->\n<li>Participating and offering representation in government audits<\/li>\n<!-- \/wp:list-item -->\n\n<!-- wp:list-item -->\n<li>Providing guidance on correct tariff classification numbers and applying for Binding Tariff Information (BTI) decisions<\/li>\n<!-- \/wp:list-item -->\n\n<!-- wp:list-item -->\n<li>Professional consulting<\/li>\n<!-- \/wp:list-item -->\n\n<!-- wp:list-item -->\n<li>Administering the Environment Protection Product Fee<\/li>\n<!-- \/wp:list-item -->\n\n<!-- wp:list-item -->\n<li>Preparing and submitting of Intrastat reports (statistical reporting on the movement of goods within the European Union)<\/li>\n<!-- \/wp:list-item --><\/ul>\n<!-- \/wp:list -->\n\n<!-- wp:paragraph -->\n<p>Read more about additional services we offer through our sister company&nbsp;<a href=\"http:\\\\www.adintrade.hu\">AD Intrade Kft. - customs and foreign trade services<\/a><\/p>\n<!-- \/wp:paragraph -->\n\n<!-- wp:paragraph -->\n<p>Our sister company, AD Customs Kft., offers the unique service of indirect customs representation, including the responsibility for obligations of paying import Value Added Tax (VAT).&nbsp;<a href=\"http:\\\\www.adcustoms.hu\">More details: AD Customs Kft - indirect customs representation services<\/a><\/p>\n<!-- \/wp:paragraph -->"},"excerpt":{"rendered":"","protected":false,"raw":""},"author":1,"featured_media":0,"parent":0,"menu_order":0,"comment_status":"closed","ping_status":"closed","template":"","meta":{"inline_featured_image":false,"_hu_post_content":"<!-- wp:list -->\n<ul><!-- wp:list-item -->\n<li>Enged\u00e9lyezett c\u00edmzetti tev\u00e9kenys\u00e9g<\/li>\n<!-- \/wp:list-item -->\n\n<!-- wp:list-item -->\n<li>Teljes k\u00f6r\u0171 elektronikus import \u00e9s export v\u00e1m\u00fcgyint\u00e9z\u00e9s k\u00f6zvetlen v\u00e1mk\u00e9pviselettel (AIS\/AES \u2013 Automated Import and Export System)<\/li>\n<!-- \/wp:list-item -->\n\n<!-- wp:list-item -->\n<li>Megl\u00e9v\u0151 \u00e9s \u00faj v\u00e1mhat\u00f3s\u00e1gi tev\u00e9kenys\u00e9gi enged\u00e9lyek \u00fcgyint\u00e9z\u00e9se<\/li>\n<!-- \/wp:list-item -->\n\n<!-- wp:list-item -->\n<li>EORI (Economic Operators Registration and Identification number) \u00e9s VPID (magyar nemzeti v\u00e1mazonos\u00edt\u00f3) sz\u00e1m ig\u00e9nyl\u00e9s<\/li>\n<!-- \/wp:list-item -->\n\n<!-- wp:list-item -->\n<li>Ut\u00f3lagos v\u00e1melj\u00e1r\u00e1sok \u00fcgyint\u00e9z\u00e9se (v\u00e1mvisszaig\u00e9nyl\u00e9sek, m\u00f3dos\u00edt\u00e1sok)<\/li>\n<!-- \/wp:list-item -->\n\n<!-- wp:list-item -->\n<li>V\u00e1mhat\u00f3s\u00e1gi ellen\u0151rz\u00e9sekben val\u00f3 r\u00e9szv\u00e9tel, k\u00e9pviselet<\/li>\n<!-- \/wp:list-item -->\n\n<!-- wp:list-item -->\n<li>Tarif\u00e1lis felvil\u00e1gos\u00edt\u00e1s, k\u00f6telez\u0151 \u00e9rv\u00e9ny\u0171 tarif\u00e1lis besorol\u00e1s (KTF) ig\u00e9nyl\u00e9se a v\u00e1mhat\u00f3s\u00e1gt\u00f3l<\/li>\n<!-- \/wp:list-item -->\n\n<!-- wp:list-item -->\n<li>Szak\u00e9rt\u0151i tan\u00e1csad\u00e1s<\/li>\n<!-- \/wp:list-item -->\n\n<!-- wp:list-item -->\n<li>K\u00f6rnyezetv\u00e9delmi term\u00e9kd\u00edj \u00fcgyint\u00e9z\u00e9s<\/li>\n<!-- \/wp:list-item -->\n\n<!-- wp:list-item -->\n<li>Intrastat bevall\u00e1sok elk\u00e9sz\u00edt\u00e9se \u00e9s beny\u00fajt\u00e1sa (statisztikai adatszolg\u00e1ltat\u00e1s az Eur\u00f3pai Uni\u00f3n bel\u00fcli \u00e1rumozg\u00e1sokr\u00f3l)<\/li>\n<!-- \/wp:list-item --><\/ul>\n<!-- \/wp:list -->\n\n<!-- wp:paragraph -->\n<p>Egy\u00e9b szolg\u00e1ltat\u00e1sainkr\u00f3l testv\u00e9rc\u00e9g\u00fcnk honlapj\u00e1n olvashat b\u0151vebben&nbsp;<a href=\"http:\\\\www.adintrade.hu\">AD Intrade Kft. \u2013 v\u00e1m \u00e9s k\u00fclkereskedelmi \u00fcgyint\u00e9z\u00e9s<\/a><\/p>\n<!-- \/wp:paragraph -->\n\n<!-- wp:paragraph -->\n<p>Testv\u00e9rc\u00e9g\u00fcnk, az AD Customs Kft. egyedi szolg\u00e1ltat\u00e1sa a k\u00f6zvetett v\u00e1mk\u00e9pviselet, az \u00fcgyfelek import \u00c1FA fizet\u00e9si k\u00f6telezetts\u00e9geinek \u00e1tv\u00e1llal\u00e1s\u00e1val, b\u0151vebben&nbsp;<a href=\"http:\\\\www.adcustoms.hu\">AD Customs Kft \u2013 k\u00f6zvetett v\u00e1mk\u00e9pviselet<\/a><\/p>\n<!-- \/wp:paragraph -->","_hu_post_name":"szolgaltatasok","_hu_post_excerpt":"","_hu_post_title":"Szolg\u00e1ltat\u00e1sok","_en_post_content":"<!-- wp:list -->\n<ul><!-- wp:list-item -->\n<li>Receiving goods as an authorised consignee<\/li>\n<!-- \/wp:list-item -->\n\n<!-- wp:list-item -->\n<li>Managing all electronic import and export customs processes as a direct representative (AIS\/AES\u2014Automated Import and Export System)<\/li>\n<!-- \/wp:list-item -->\n\n<!-- wp:list-item -->\n<li>Administering customs licences (new and existing)<\/li>\n<!-- \/wp:list-item -->\n\n<!-- wp:list-item -->\n<li>Applying for EORI (Economic Operators Registration and Identification) and VPID (economic operators Hungarian national identification number) numbers<\/li>\n<!-- \/wp:list-item -->\n\n<!-- wp:list-item -->\n<li>Subsequent customs procedures (duties refunds, amending customs declarations)<\/li>\n<!-- \/wp:list-item -->\n\n<!-- wp:list-item -->\n<li>Participating and offering representation in government audits<\/li>\n<!-- \/wp:list-item -->\n\n<!-- wp:list-item -->\n<li>Providing guidance on correct tariff classification numbers and applying for Binding Tariff Information (BTI) decisions<\/li>\n<!-- \/wp:list-item -->\n\n<!-- wp:list-item -->\n<li>Professional consulting<\/li>\n<!-- \/wp:list-item -->\n\n<!-- wp:list-item -->\n<li>Administering the Environment Protection Product Fee<\/li>\n<!-- \/wp:list-item -->\n\n<!-- wp:list-item -->\n<li>Preparing and submitting of Intrastat reports (statistical reporting on the movement of goods within the European Union)<\/li>\n<!-- \/wp:list-item --><\/ul>\n<!-- \/wp:list -->\n\n<!-- wp:paragraph -->\n<p>Read more about additional services we offer through our sister company&nbsp;<a href=\"http:\\\\www.adintrade.hu\">AD Intrade Kft. - customs and foreign trade services<\/a><\/p>\n<!-- \/wp:paragraph -->\n\n<!-- wp:paragraph -->\n<p>Our sister company, AD Customs Kft., offers the unique service of indirect customs representation, including the responsibility for obligations of paying import Value Added Tax (VAT).&nbsp;<a href=\"http:\\\\www.adcustoms.hu\">More details: AD Customs Kft - indirect customs representation services<\/a><\/p>\n<!-- \/wp:paragraph -->","_en_post_name":"services","_en_post_excerpt":"","_en_post_title":"Services","edit_language":"en","footnotes":""},"class_list":["post-25","page","type-page","status-publish","hentry"],"yoast_head":"<!-- This site is optimized with the Yoast SEO plugin v19.10 - https:\/\/yoast.com\/wordpress\/plugins\/seo\/ -->\n<title>Szolg\u00e1ltat\u00e1sok - AD General<\/title>\n<meta name=\"robots\" content=\"index, follow, max-snippet:-1, max-image-preview:large, max-video-preview:-1\" \/>\n<link rel=\"canonical\" href=\"https:\/\/adgeneral.hu\/szolgaltatasok\/\" \/>\n<meta property=\"og:locale\" content=\"en_US\" \/>\n<meta property=\"og:type\" content=\"article\" \/>\n<meta property=\"og:title\" content=\"Szolg\u00e1ltat\u00e1sok - AD General\" \/>\n<meta property=\"og:description\" content=\"Egy\u00e9b szolg\u00e1ltat\u00e1sainkr\u00f3l testv\u00e9rc\u00e9g\u00fcnk honlapj\u00e1n olvashat b\u0151vebben&nbsp;AD Intrade Kft. \u2013 v\u00e1m \u00e9s k\u00fclkereskedelmi \u00fcgyint\u00e9z\u00e9s Testv\u00e9rc\u00e9g\u00fcnk, az AD Customs Kft. egyedi szolg\u00e1ltat\u00e1sa a k\u00f6zvetett v\u00e1mk\u00e9pviselet, az \u00fcgyfelek import \u00c1FA fizet\u00e9si k\u00f6telezetts\u00e9geinek \u00e1tv\u00e1llal\u00e1s\u00e1val, b\u0151vebben&nbsp;AD Customs Kft \u2013 k\u00f6zvetett v\u00e1mk\u00e9pviselet\" \/>\n<meta property=\"og:url\" content=\"https:\/\/adgeneral.hu\/szolgaltatasok\/\" \/>\n<meta property=\"og:site_name\" content=\"AD General\" \/>\n<meta property=\"article:modified_time\" content=\"2024-01-02T07:37:01+00:00\" \/>\n<meta name=\"twitter:card\" content=\"summary_large_image\" \/>\n<meta name=\"twitter:label1\" content=\"Est. reading time\" \/>\n\t<meta name=\"twitter:data1\" content=\"1 minute\" \/>\n<script type=\"application\/ld+json\" class=\"yoast-schema-graph\">{\"@context\":\"https:\/\/schema.org\",\"@graph\":[{\"@type\":\"WebPage\",\"@id\":\"https:\/\/adgeneral.hu\/szolgaltatasok\/\",\"url\":\"https:\/\/adgeneral.hu\/szolgaltatasok\/\",\"name\":\"Szolg\u00e1ltat\u00e1sok - AD General\",\"isPartOf\":{\"@id\":\"https:\/\/adgeneral.hu\/#website\"},\"datePublished\":\"2022-11-18T10:56:12+00:00\",\"dateModified\":\"2024-01-02T07:37:01+00:00\",\"breadcrumb\":{\"@id\":\"https:\/\/adgeneral.hu\/szolgaltatasok\/#breadcrumb\"},\"inLanguage\":\"english\",\"potentialAction\":[{\"@type\":\"ReadAction\",\"target\":[\"https:\/\/adgeneral.hu\/szolgaltatasok\/\"]}]},{\"@type\":\"BreadcrumbList\",\"@id\":\"https:\/\/adgeneral.hu\/szolgaltatasok\/#breadcrumb\",\"itemListElement\":[{\"@type\":\"ListItem\",\"position\":1,\"name\":\"Kezd\u0151lap\",\"item\":\"https:\/\/adgeneral.hu\/\"},{\"@type\":\"ListItem\",\"position\":2,\"name\":\"Szolg\u00e1ltat\u00e1sok\"}]},{\"@type\":\"WebSite\",\"@id\":\"https:\/\/adgeneral.hu\/#website\",\"url\":\"https:\/\/adgeneral.hu\/\",\"name\":\"AD General\",\"description\":\"\",\"publisher\":{\"@id\":\"https:\/\/adgeneral.hu\/#organization\"},\"potentialAction\":[{\"@type\":\"SearchAction\",\"target\":{\"@type\":\"EntryPoint\",\"urlTemplate\":\"https:\/\/adgeneral.hu\/?s={search_term_string}\"},\"query-input\":\"required name=search_term_string\"}],\"inLanguage\":\"english\"},{\"@type\":\"Organization\",\"@id\":\"https:\/\/adgeneral.hu\/#organization\",\"name\":\"AD General\",\"url\":\"https:\/\/adgeneral.hu\/\",\"logo\":{\"@type\":\"ImageObject\",\"inLanguage\":\"english\",\"@id\":\"https:\/\/adgeneral.hu\/#\/schema\/logo\/image\/\",\"url\":\"https:\/\/adgeneral.hu\/wp-content\/uploads\/2022\/11\/adgeneral.svg\",\"contentUrl\":\"https:\/\/adgeneral.hu\/wp-content\/uploads\/2022\/11\/adgeneral.svg\",\"width\":600,\"height\":200,\"caption\":\"AD General\"},\"image\":{\"@id\":\"https:\/\/adgeneral.hu\/#\/schema\/logo\/image\/\"}}]}<\/script>\n<!-- \/ Yoast SEO plugin. -->","yoast_head_json":{"title":"Szolg\u00e1ltat\u00e1sok - AD General","robots":{"index":"index","follow":"follow","max-snippet":"max-snippet:-1","max-image-preview":"max-image-preview:large","max-video-preview":"max-video-preview:-1"},"canonical":"https:\/\/adgeneral.hu\/szolgaltatasok\/","og_locale":"en_US","og_type":"article","og_title":"Szolg\u00e1ltat\u00e1sok - AD General","og_description":"Egy\u00e9b szolg\u00e1ltat\u00e1sainkr\u00f3l testv\u00e9rc\u00e9g\u00fcnk honlapj\u00e1n olvashat b\u0151vebben&nbsp;AD Intrade Kft. \u2013 v\u00e1m \u00e9s k\u00fclkereskedelmi \u00fcgyint\u00e9z\u00e9s Testv\u00e9rc\u00e9g\u00fcnk, az AD Customs Kft. egyedi szolg\u00e1ltat\u00e1sa a k\u00f6zvetett v\u00e1mk\u00e9pviselet, az \u00fcgyfelek import \u00c1FA fizet\u00e9si k\u00f6telezetts\u00e9geinek \u00e1tv\u00e1llal\u00e1s\u00e1val, b\u0151vebben&nbsp;AD Customs Kft \u2013 k\u00f6zvetett v\u00e1mk\u00e9pviselet","og_url":"https:\/\/adgeneral.hu\/szolgaltatasok\/","og_site_name":"AD General","article_modified_time":"2024-01-02T07:37:01+00:00","twitter_card":"summary_large_image","twitter_misc":{"Est. reading time":"1 minute"},"schema":{"@context":"https:\/\/schema.org","@graph":[{"@type":"WebPage","@id":"https:\/\/adgeneral.hu\/szolgaltatasok\/","url":"https:\/\/adgeneral.hu\/szolgaltatasok\/","name":"Szolg\u00e1ltat\u00e1sok - AD General","isPartOf":{"@id":"https:\/\/adgeneral.hu\/#website"},"datePublished":"2022-11-18T10:56:12+00:00","dateModified":"2024-01-02T07:37:01+00:00","breadcrumb":{"@id":"https:\/\/adgeneral.hu\/szolgaltatasok\/#breadcrumb"},"inLanguage":"english","potentialAction":[{"@type":"ReadAction","target":["https:\/\/adgeneral.hu\/szolgaltatasok\/"]}]},{"@type":"BreadcrumbList","@id":"https:\/\/adgeneral.hu\/szolgaltatasok\/#breadcrumb","itemListElement":[{"@type":"ListItem","position":1,"name":"Kezd\u0151lap","item":"https:\/\/adgeneral.hu\/"},{"@type":"ListItem","position":2,"name":"Szolg\u00e1ltat\u00e1sok"}]},{"@type":"WebSite","@id":"https:\/\/adgeneral.hu\/#website","url":"https:\/\/adgeneral.hu\/","name":"AD General","description":"","publisher":{"@id":"https:\/\/adgeneral.hu\/#organization"},"potentialAction":[{"@type":"SearchAction","target":{"@type":"EntryPoint","urlTemplate":"https:\/\/adgeneral.hu\/?s={search_term_string}"},"query-input":"required name=search_term_string"}],"inLanguage":"english"},{"@type":"Organization","@id":"https:\/\/adgeneral.hu\/#organization","name":"AD General","url":"https:\/\/adgeneral.hu\/","logo":{"@type":"ImageObject","inLanguage":"english","@id":"https:\/\/adgeneral.hu\/#\/schema\/logo\/image\/","url":"https:\/\/adgeneral.hu\/wp-content\/uploads\/2022\/11\/adgeneral.svg","contentUrl":"https:\/\/adgeneral.hu\/wp-content\/uploads\/2022\/11\/adgeneral.svg","width":600,"height":200,"caption":"AD General"},"image":{"@id":"https:\/\/adgeneral.hu\/#\/schema\/logo\/image\/"}}]}},"_links":{"self":[{"href":"https:\/\/adgeneral.hu\/en\/wp-json\/wp\/v2\/pages\/25","targetHints":{"allow":["GET"]}}],"collection":[{"href":"https:\/\/adgeneral.hu\/en\/wp-json\/wp\/v2\/pages"}],"about":[{"href":"https:\/\/adgeneral.hu\/en\/wp-json\/wp\/v2\/types\/page"}],"author":[{"embeddable":true,"href":"https:\/\/adgeneral.hu\/en\/wp-json\/wp\/v2\/users\/1"}],"replies":[{"embeddable":true,"href":"https:\/\/adgeneral.hu\/en\/wp-json\/wp\/v2\/comments?post=25"}],"version-history":[{"count":2,"href":"https:\/\/adgeneral.hu\/en\/wp-json\/wp\/v2\/pages\/25\/revisions"}],"predecessor-version":[{"id":75,"href":"https:\/\/adgeneral.hu\/en\/wp-json\/wp\/v2\/pages\/25\/revisions\/75"}],"wp:attachment":[{"href":"https:\/\/adgeneral.hu\/en\/wp-json\/wp\/v2\/media?parent=25"}],"curies":[{"name":"wp","href":"https:\/\/api.w.org\/{rel}","templated":true}]}}